{"id":42797,"date":"2026-02-12T16:54:23","date_gmt":"2026-02-12T16:54:23","guid":{"rendered":"https:\/\/villasmelissa.com\/?page_id=42797"},"modified":"2026-02-13T08:15:33","modified_gmt":"2026-02-13T08:15:33","slug":"le-lagon-de-balos","status":"publish","type":"page","link":"https:\/\/villasmelissa.com\/index.php\/le-lagon-de-balos\/","title":{"rendered":"Le lagon de Balos"},"content":{"rendered":"\t\t<div data-elementor-type=\"wp-page\" data-elementor-id=\"42797\" class=\"elementor elementor-42797\">\n\t\t\t\t<div class=\"elementor-element elementor-element-1e08ec4 e-con-full e-flex e-con e-parent\" data-id=\"1e08ec4\" data-element_type=\"container\">\n\t\t<div class=\"elementor-element elementor-element-4e845f8 e-con-full e-flex e-con e-child\" data-id=\"4e845f8\" data-element_type=\"container\" data-settings=\"{&quot;background_background&quot;:&quot;slideshow&quot;,&quot;background_slideshow_gallery&quot;:[{&quot;id&quot;:42773,&quot;url&quot;:&quot;http:\\\/\\\/villasmelissa.com\\\/wp-content\\\/uploads\\\/2026\\\/02\\\/iStock-1252581681.jpg&quot;},{&quot;id&quot;:42772,&quot;url&quot;:&quot;http:\\\/\\\/villasmelissa.com\\\/wp-content\\\/uploads\\\/2026\\\/02\\\/iStock-2168636393.jpg&quot;},{&quot;id&quot;:42774,&quot;url&quot;:&quot;http:\\\/\\\/villasmelissa.com\\\/wp-content\\\/uploads\\\/2026\\\/02\\\/iStock-1040908250.jpg&quot;},{&quot;id&quot;:42771,&quot;url&quot;:&quot;http:\\\/\\\/villasmelissa.com\\\/wp-content\\\/uploads\\\/2026\\\/02\\\/iStock-2209694753.jpg&quot;}],&quot;background_slideshow_ken_burns&quot;:&quot;yes&quot;,&quot;background_slideshow_ken_burns_zoom_direction&quot;:&quot;out&quot;,&quot;background_slideshow_loop&quot;:&quot;yes&quot;,&quot;background_slideshow_slide_duration&quot;:5000,&quot;background_slideshow_slide_transition&quot;:&quot;fade&quot;,&quot;background_slideshow_transition_duration&quot;:500}\">\n\t\t\t\t<\/div>\n\t\t<div class=\"elementor-element elementor-element-b458a13 e-flex e-con-boxed e-con e-child\" data-id=\"b458a13\" data-element_type=\"container\" data-settings=\"{&quot;background_background&quot;:&quot;classic&quot;}\">\n\t\t\t\t\t<div class=\"e-con-inner\">\n\t\t<div class=\"elementor-element elementor-element-1fca99d e-con-full e-flex e-con e-child\" data-id=\"1fca99d\" data-element_type=\"container\" data-settings=\"{&quot;background_background&quot;:&quot;classic&quot;}\">\n\t\t\t\t<div class=\"elementor-element elementor-element-1342444 elementor-widget__width-inherit elementor-widget-mobile__width-inherit elementor-widget elementor-widget-heading\" data-id=\"1342444\" data-element_type=\"widget\" data-widget_type=\"heading.default\">\n\t\t\t\t\t<h1 class=\"elementor-heading-title elementor-size-default\">L'incroyable lagon de Balos<\/h1>\t\t\t\t<\/div>\n\t\t\t\t<div class=\"elementor-element elementor-element-e6d1aae elementor-widget__width-inherit elementor-widget-mobile__width-inherit elementor-widget elementor-widget-heading\" data-id=\"e6d1aae\" data-element_type=\"widget\" data-widget_type=\"heading.default\">\n\t\t\t\t\t<span class=\"elementor-heading-title elementor-size-default\">Situ\u00e9 \u00e0 l\u2019extr\u00eame nord-ouest de la Cr\u00e8te, \u00e0 quelques kilom\u00e8tres de Villas Melissa, le lagon de Balos est un joyau naturel d\u2019une beaut\u00e9 presque irr\u00e9elle. Souvent class\u00e9 parmi les plus beaux sites de M\u00e9diterran\u00e9e, ce lagon fascine par ses eaux peu profondes aux d\u00e9grad\u00e9s de turquoise, d\u2019\u00e9meraude et de bleu azur, contrastant avec le sable blanc aux reflets ros\u00e9s.<\/span>\t\t\t\t<\/div>\n\t\t\t\t<div class=\"elementor-element elementor-element-c0786a3 elementor-widget__width-inherit elementor-widget-mobile__width-inherit elementor-widget elementor-widget-heading\" data-id=\"c0786a3\" data-element_type=\"widget\" data-widget_type=\"heading.default\">\n\t\t\t\t\t<p class=\"elementor-heading-title elementor-size-default\">Prot\u00e9g\u00e9 et encore largement pr\u00e9serv\u00e9, Balos offre un d\u00e9cor unique o\u00f9 la mer rencontre une vaste \u00e9tendue de sable fin formant un lagon cristallin, id\u00e9al pour la baignade et la contemplation. Ses eaux calmes et translucides permettent d\u2019avancer loin sans perdre pied, cr\u00e9ant une sensation de piscine naturelle au c\u0153ur d\u2019un paysage spectaculaire..<\/p>\t\t\t\t<\/div>\n\t\t\t\t<div class=\"elementor-element elementor-element-c1de36e elementor-widget__width-inherit elementor-widget-mobile__width-inherit elementor-widget elementor-widget-heading\" data-id=\"c1de36e\" data-element_type=\"widget\" data-widget_type=\"heading.default\">\n\t\t\t\t\t<p class=\"elementor-heading-title elementor-size-default\">Domin\u00e9 par la p\u00e9ninsule de Gramvousa et les vestiges d\u2019une forteresse v\u00e9nitienne perch\u00e9e sur les hauteurs, le site m\u00eale harmonieusement nature sauvage et h\u00e9ritage historique. L\u2019isolement relatif du lagon, accessible par piste ou par bateau, contribue \u00e0 son atmosph\u00e8re intacte et \u00e0 son charme authentique.\u200b<\/p>\t\t\t\t<\/div>\n\t\t\t\t<\/div>\n\t\t<div class=\"elementor-element elementor-element-d0870f6 e-con-full e-flex e-con e-child\" data-id=\"d0870f6\" data-element_type=\"container\" data-settings=\"{&quot;background_background&quot;:&quot;classic&quot;}\">\n\t\t\t\t<\/div>\n\t\t\t\t\t<\/div>\n\t\t\t\t<\/div>\n\t\t<div class=\"elementor-element elementor-element-bd9cdd2 e-con-full e-flex e-con e-child\" data-id=\"bd9cdd2\" data-element_type=\"container\">\n\t\t\t\t<div class=\"elementor-element elementor-element-413d3f1 elementor-widget__width-inherit elementor-widget-mobile__width-inherit elementor-widget elementor-widget-heading\" data-id=\"413d3f1\" data-element_type=\"widget\" data-widget_type=\"heading.default\">\n\t\t\t\t\t<p class=\"elementor-heading-title elementor-size-default\">Entre panorama grandiose, couleurs extraordinaires et ambiance hors du temps, Balos incarne l\u2019image m\u00eame de la carte postale cr\u00e9toise. Un lieu d\u2019exception o\u00f9 la M\u00e9diterran\u00e9e r\u00e9v\u00e8le toute sa splendeur, offrant une exp\u00e9rience inoubliable \u00e0 ceux qui viennent la d\u00e9couvrir.\u200b<\/p>\t\t\t\t<\/div>\n\t\t\t\t<\/div>\n\t\t\t\t<\/div>\n\t\t<div class=\"elementor-element elementor-element-0d2d719 e-con-full e-flex e-con e-parent\" data-id=\"0d2d719\" data-element_type=\"container\">\n\t\t\t\t<div class=\"elementor-element elementor-element-37afdfd elementor-widget__width-inherit elementor-widget-mobile__width-inherit elementor-widget elementor-widget-heading\" data-id=\"37afdfd\" data-element_type=\"widget\" data-widget_type=\"heading.default\">\n\t\t\t\t\t<h1 class=\"elementor-heading-title elementor-size-default\">Comment s'y rendre ?<\/h1>\t\t\t\t<\/div>\n\t\t\t\t<div class=\"elementor-element elementor-element-791fdc7 elementor-widget__width-inherit elementor-widget-mobile__width-inherit elementor-widget elementor-widget-heading\" data-id=\"791fdc7\" data-element_type=\"widget\" data-widget_type=\"heading.default\">\n\t\t\t\t\t<p class=\"elementor-heading-title elementor-size-default\">Le lagon de Balos, \u00e7a se m\u00e9rite! Il n'est pas facile d'y acc\u00e9der mais voici tous les moyens que nous avons test\u00e9s et il y en a forc\u00e9ment un qui vous correspondra!<\/p>\t\t\t\t<\/div>\n\t\t<div class=\"elementor-element elementor-element-5bdb282 e-con-full e-flex e-con e-child\" data-id=\"5bdb282\" data-element_type=\"container\">\n\t\t\t\t<div class=\"elementor-element elementor-element-13e1e2a elementor-widget elementor-widget-heading\" data-id=\"13e1e2a\" data-element_type=\"widget\" data-widget_type=\"heading.default\">\n\t\t\t\t\t<h1 class=\"elementor-heading-title elementor-size-default\">\ud83d\ude97 1. En voiture + marche (l\u2019option la plus flexible)<\/h1>\t\t\t\t<\/div>\n\t\t\t\t<div class=\"elementor-element elementor-element-570574c elementor-widget__width-inherit elementor-widget-mobile__width-inherit elementor-widget elementor-widget-heading\" data-id=\"570574c\" data-element_type=\"widget\" data-widget_type=\"heading.default\">\n\t\t\t\t\t<p class=\"elementor-heading-title elementor-size-default\">Depuis <strong data-start=\"215\" data-end=\"256\"><span class=\"hover:entity-accent entity-underline inline cursor-pointer align-baseline\"><span class=\"whitespace-normal\">Kissamos<\/span><\/span><\/strong>, prenez la route en direction de Kaliviani puis suivez les panneaux \u201cBalos\u201d.<br data-start=\"333\" data-end=\"336\">\nApr\u00e8s quelques kilom\u00e8tres, la route devient une piste en terre d\u2019environ 8 km (praticable en voiture classique en roulant doucement, mais un SUV est plus confortable).<\/p><p data-start=\"505\" data-end=\"761\">Vous arriverez \u00e0 un parking officiel.<br data-start=\"542\" data-end=\"545\">\n\u27a1\ufe0f De l\u00e0, comptez <strong data-start=\"563\" data-end=\"592\">20 \u00e0 30 minutes de marche<\/strong> sur un sentier am\u00e9nag\u00e9 avec une vue panoramique spectaculaire sur le lagon.<br data-start=\"668\" data-end=\"671\">\n\u26a0\ufe0f Pr\u00e9voyez de bonnes chaussures, de l\u2019eau et un chapeau : il n\u2019y a quasiment pas d\u2019ombre.<\/p>\nATTENTION : Beaucoup de loueurs de voiture \u00e0 l'a\u00e9roport interdisent formellement d\u2019emprunter la piste qui m\u00e8ne \u00e0 Balos, en particulier depuis Kissamos.\nEt chez certains, c\u2019est m\u00eame clairement indiqu\u00e9 dans le contrat que l\u2019acc\u00e8s \u00e0 Balos (et parfois m\u00eame aux pistes non goudronn\u00e9es en g\u00e9n\u00e9ral) est interdit \u2014 faute d\u2019assurance valable en cas de probl\u00e8me.\n<br>\n<br>\nPourquoi cette restriction ?<\/h3>\n<br>\n\ud83d\ude97 La piste vers Balos est non goudronn\u00e9e, caillouteuse et parfois accident\u00e9e\n<br>\n\u2757 Risque de crevaisons, dommages au v\u00e9hicule ou sous-ch\u00e2ssis\n<br>\n\ud83d\udcc4 Si vous l\u2019empruntez malgr\u00e9 l\u2019interdiction, l\u2019assurance peut \u00eatre refus\u00e9e en cas d\u2019accident\n<br>\n\ud83e\uddfe Certains loueurs facturent des frais \u00e9lev\u00e9s en cas de dommages\n<br>\n<br>\nCe qu\u2019il faut faire\n<br>\n\u2714\ufe0f Toujours v\u00e9rifier dans le contrat de location si l\u2019acc\u00e8s \u00e0 Balos est autoris\u00e9<br>\n\u2714\ufe0f Si ce n\u2019est pas clairement pr\u00e9cis\u00e9, demander explicitement au loueur<br>\n\u2714\ufe0f Certains loueurs autorisent l\u2019acc\u00e8s si vous prenez une assurance compl\u00e8te sans franchise (plus ch\u00e8re mais s\u00e9curisante)<\/p>\t\t\t\t<\/div>\n\t\t\t\t<\/div>\n\t\t\t\t<div class=\"elementor-element elementor-element-51c81b4 elementor-widget elementor-widget-heading\" data-id=\"51c81b4\" data-element_type=\"widget\" data-widget_type=\"heading.default\">\n\t\t\t\t\t<h1 class=\"elementor-heading-title elementor-size-default\">\u26f5 2. En bateau (la solution la plus confortable)<\/h1>\t\t\t\t<\/div>\n\t\t\t\t<div class=\"elementor-element elementor-element-55d64ac elementor-widget__width-inherit elementor-widget-mobile__width-inherit elementor-widget elementor-widget-heading\" data-id=\"55d64ac\" data-element_type=\"widget\" data-widget_type=\"heading.default\">\n\t\t\t\t\t<p class=\"elementor-heading-title elementor-size-default\">Des excursions partent quotidiennement du port de Kissamos.<br>\nLa travers\u00e9e dure environ 1 heure et inclut souvent un arr\u00eat sur l\u2019\u00eele de Gramvousa avec la visite de sa forteresse.<br>\n\n\u2714\ufe0f Id\u00e9al si vous ne souhaitez pas faire la piste<br>\n\u2714\ufe0f Plus simple avec des enfants<br><br>\n\u2757 En haute saison, il y a plus d\u2019affluence en milieu de journ\u00e9e\n<br><br>\n\ud83d\udd52 Meilleur moment pour y aller : \nArriver t\u00f4t le matin (avant 10h) pour \u00e9viter la foule ou en fin d\u2019apr\u00e8s-midi pour profiter d\u2019une lumi\u00e8re magnifique et d\u2019une ambiance plus paisible<\/p>\t\t\t\t<\/div>\n\t\t\t\t<div class=\"elementor-element elementor-element-17914a2 elementor-widget elementor-widget-heading\" data-id=\"17914a2\" data-element_type=\"widget\" data-widget_type=\"heading.default\">\n\t\t\t\t\t<h1 class=\"elementor-heading-title elementor-size-default\">\ud83e\udd7e 3. \u00c0 pied depuis Falassarna (l\u2019option aventure et panoramique)<\/h1>\t\t\t\t<\/div>\n\t\t\t\t<div class=\"elementor-element elementor-element-fdb3b9e elementor-widget__width-inherit elementor-widget-mobile__width-inherit elementor-widget elementor-widget-heading\" data-id=\"fdb3b9e\" data-element_type=\"widget\" data-widget_type=\"heading.default\">\n\t\t\t\t\t<p class=\"elementor-heading-title elementor-size-default\">Si vous avez le temps et que vous aimez marcher, le plus sympa est sans doute d'aller \u00e0 Balos depuis la plage de Falasarna. Mais attention, ce n'est pas une promande de sant\u00e9!<br><br>\nDepuis l\u2019extr\u00e9mit\u00e9 nord de Falassarna, apr\u00e8s les vestiges de l\u2019ancienne cit\u00e9 antique, il existe un sentier c\u00f4tier sauvage qui longe la p\u00e9ninsule de Gramvousa en direction du Balos Lagoon. Vous pouvez garer votre voiture juste apr\u00e8s les ruines de Falasarna sans aucun risque.<br><br>\n\n\u26a0\ufe0f Mais attention :\n<br>\n\ud83e\udd7e Ce n\u2019est pas un sentier am\u00e9nag\u00e9\n<br>\n\u26f0\ufe0f Terrain rocailleux, passages expos\u00e9s et parfois mal balis\u00e9s\n<br>\n\u2600\ufe0f Tr\u00e8s peu d\u2019ombre\n<br>\n\ud83d\udeb6\u200d\u2642\ufe0f Compter environ 3 \u00e0 4 heures de marche (aller) selon votre rythme\n<br><br>\nC\u2019est une randonn\u00e9e superbe, avec des vues spectaculaires sur la mer et des paysages totalement sauvages, mais elle s\u2019adresse plut\u00f4t \u00e0 des marcheurs exp\u00e9riment\u00e9s et bien \u00e9quip\u00e9s (eau en quantit\u00e9, bonnes chaussures, protection solaire).\n<br>\n\ud83d\udc49 En pratique, la majorit\u00e9 des visiteurs choisissent la piste depuis Kissamos ou le bateau.<br>\nLe chemin depuis Falassarna reste une option \u201caventure\u201d pour les amoureux de nature et de solitude.<\/p>\t\t\t\t<\/div>\n\t\t\t\t<div class=\"elementor-element elementor-element-d1c1997 elementor-widget elementor-widget-heading\" data-id=\"d1c1997\" data-element_type=\"widget\" data-widget_type=\"heading.default\">\n\t\t\t\t\t<h1 class=\"elementor-heading-title elementor-size-default\">\ud83d\udea4 4. Location de bateaux \u00e0 Falassarna (l'option VIP)<\/h1>\t\t\t\t<\/div>\n\t\t\t\t<div class=\"elementor-element elementor-element-8d225b8 elementor-widget__width-inherit elementor-widget-mobile__width-inherit elementor-widget elementor-widget-heading\" data-id=\"8d225b8\" data-element_type=\"widget\" data-widget_type=\"heading.default\">\n\t\t\t\t\t<p class=\"elementor-heading-title elementor-size-default\">C'est la solution la plus co\u00fbteuse mais c'est aussi la plus simple et la plus cool si vous avez des enfants et que vous voulez \u00e9viter de marcher ou d'\u00eatre contraints par les horaires des bateaux de Kissamos.<br><br>\nIl vous suffit de contacter notre conciergerie via ce formulaire afin que nous puissions tout organiser pour vous.<br><br>\n\u26a0\ufe0f En haute saison, essayez de faire votre demande quelques jours avant pour \u00eatre s\u00fbr d'avoir de la disponibilit\u00e9.<\/p>\t\t\t\t<\/div>\n\t\t\t\t<\/div>\n\t\t<div class=\"elementor-element elementor-element-a5bd43a e-con-full e-flex e-con e-parent\" data-id=\"a5bd43a\" data-element_type=\"container\">\n\t\t\t\t<div class=\"elementor-element elementor-element-998e991 elementor-widget elementor-widget-video\" data-id=\"998e991\" data-element_type=\"widget\" data-settings=\"{&quot;video_type&quot;:&quot;vimeo&quot;,&quot;mute&quot;:&quot;yes&quot;}\" data-widget_type=\"video.default\">\n\t\t\t\t\t\t\t<div class=\"elementor-wrapper elementor-open-inline\">\n\t\t\t<iframe class=\"elementor-video-iframe\" allowfullscreen allow=\"clipboard-write\" title=\"vimeo Video Player\" src=\"https:\/\/player.vimeo.com\/video\/1164368462?color&amp;autopause=0&amp;loop=0&amp;muted=1&amp;title=0&amp;portrait=0&amp;byline=0#t=\"><\/iframe>\t\t<\/div>\n\t\t\t\t\t\t<\/div>\n\t\t\t\t<\/div>\n\t\t\t\t<\/div>\n\t\t","protected":false},"excerpt":{"rendered":"<p>L&#8217;incroyable lagon de Balos Situ\u00e9 \u00e0 l\u2019extr\u00eame nord-ouest de la Cr\u00e8te, \u00e0 quelques kilom\u00e8tres de Villas Melissa, le lagon de Balos est un joyau naturel d\u2019une beaut\u00e9 presque irr\u00e9elle. Souvent class\u00e9 parmi les plus beaux sites de M\u00e9diterran\u00e9e, ce lagon fascine par ses eaux peu profondes aux d\u00e9grad\u00e9s de turquoise, d\u2019\u00e9meraude et de bleu azur, &#8230;<\/p>\n","protected":false},"author":1,"featured_media":0,"parent":0,"menu_order":0,"comment_status":"closed","ping_status":"closed","template":"","meta":{"inline_featured_image":false,"footnotes":""},"class_list":["post-42797","page","type-page","status-publish","hentry"],"_links":{"self":[{"href":"https:\/\/villasmelissa.com\/index.php\/wp-json\/wp\/v2\/pages\/42797","targetHints":{"allow":["GET"]}}],"collection":[{"href":"https:\/\/villasmelissa.com\/index.php\/wp-json\/wp\/v2\/pages"}],"about":[{"href":"https:\/\/villasmelissa.com\/index.php\/wp-json\/wp\/v2\/types\/page"}],"author":[{"embeddable":true,"href":"https:\/\/villasmelissa.com\/index.php\/wp-json\/wp\/v2\/users\/1"}],"replies":[{"embeddable":true,"href":"https:\/\/villasmelissa.com\/index.php\/wp-json\/wp\/v2\/comments?post=42797"}],"version-history":[{"count":27,"href":"https:\/\/villasmelissa.com\/index.php\/wp-json\/wp\/v2\/pages\/42797\/revisions"}],"predecessor-version":[{"id":42833,"href":"https:\/\/villasmelissa.com\/index.php\/wp-json\/wp\/v2\/pages\/42797\/revisions\/42833"}],"wp:attachment":[{"href":"https:\/\/villasmelissa.com\/index.php\/wp-json\/wp\/v2\/media?parent=42797"}],"curies":[{"name":"wp","href":"https:\/\/api.w.org\/{rel}","templated":true}]}}