{"id":42574,"date":"2026-02-08T16:43:40","date_gmt":"2026-02-08T16:43:40","guid":{"rendered":"https:\/\/villasmelissa.com\/?page_id=42574"},"modified":"2026-02-15T20:33:39","modified_gmt":"2026-02-15T20:33:39","slug":"plage-de-falassarna","status":"publish","type":"page","link":"https:\/\/villasmelissa.com\/index.php\/plage-de-falassarna\/","title":{"rendered":"Plage de Falasarna"},"content":{"rendered":"\t\t<div data-elementor-type=\"wp-page\" data-elementor-id=\"42574\" class=\"elementor elementor-42574\">\n\t\t\t\t<div class=\"elementor-element elementor-element-1e08ec4 e-con-full e-flex e-con e-parent\" data-id=\"1e08ec4\" data-element_type=\"container\">\n\t\t<div class=\"elementor-element elementor-element-4e845f8 e-con-full e-flex e-con e-child\" data-id=\"4e845f8\" data-element_type=\"container\" data-settings=\"{&quot;background_background&quot;:&quot;slideshow&quot;,&quot;background_slideshow_gallery&quot;:[{&quot;id&quot;:42542,&quot;url&quot;:&quot;http:\\\/\\\/villasmelissa.com\\\/wp-content\\\/uploads\\\/2026\\\/02\\\/iStock-1325029710.jpg&quot;},{&quot;id&quot;:42520,&quot;url&quot;:&quot;http:\\\/\\\/villasmelissa.com\\\/wp-content\\\/uploads\\\/2026\\\/02\\\/stayinfalassa.jpg&quot;},{&quot;id&quot;:42580,&quot;url&quot;:&quot;http:\\\/\\\/villasmelissa.com\\\/wp-content\\\/uploads\\\/2026\\\/02\\\/iStock-2177065946.jpg&quot;},{&quot;id&quot;:42581,&quot;url&quot;:&quot;http:\\\/\\\/villasmelissa.com\\\/wp-content\\\/uploads\\\/2026\\\/02\\\/iStock-2148450269.jpg&quot;}],&quot;background_slideshow_ken_burns&quot;:&quot;yes&quot;,&quot;background_slideshow_ken_burns_zoom_direction&quot;:&quot;out&quot;,&quot;background_slideshow_loop&quot;:&quot;yes&quot;,&quot;background_slideshow_slide_duration&quot;:5000,&quot;background_slideshow_slide_transition&quot;:&quot;fade&quot;,&quot;background_slideshow_transition_duration&quot;:500}\">\n\t\t\t\t<\/div>\n\t\t<div class=\"elementor-element elementor-element-b458a13 e-flex e-con-boxed e-con e-child\" data-id=\"b458a13\" data-element_type=\"container\" data-settings=\"{&quot;background_background&quot;:&quot;classic&quot;}\">\n\t\t\t\t\t<div class=\"e-con-inner\">\n\t\t<div class=\"elementor-element elementor-element-1fca99d e-con-full e-flex e-con e-child\" data-id=\"1fca99d\" data-element_type=\"container\" data-settings=\"{&quot;background_background&quot;:&quot;classic&quot;}\">\n\t\t\t\t<div class=\"elementor-element elementor-element-1342444 elementor-widget__width-inherit elementor-widget-mobile__width-inherit elementor-widget elementor-widget-heading\" data-id=\"1342444\" data-element_type=\"widget\" data-widget_type=\"heading.default\">\n\t\t\t\t\t<h1 class=\"elementor-heading-title elementor-size-default\">Bienvenue \u00e0 Falasarna<\/h1>\t\t\t\t<\/div>\n\t\t\t\t<div class=\"elementor-element elementor-element-e6d1aae elementor-widget__width-inherit elementor-widget-mobile__width-inherit elementor-widget elementor-widget-heading\" data-id=\"e6d1aae\" data-element_type=\"widget\" data-widget_type=\"heading.default\">\n\t\t\t\t\t<span class=\"elementor-heading-title elementor-size-default\">Situ\u00e9e \u00e0 l\u2019extr\u00eame ouest de la Cr\u00e8te, Falasarna est bien plus qu\u2019une plage : c\u2019est une exp\u00e9rience \u00e0 part enti\u00e8re. <\/span>\t\t\t\t<\/div>\n\t\t\t\t<div class=\"elementor-element elementor-element-c0786a3 elementor-widget__width-inherit elementor-widget-mobile__width-inherit elementor-widget elementor-widget-heading\" data-id=\"c0786a3\" data-element_type=\"widget\" data-widget_type=\"heading.default\">\n\t\t\t\t\t<p class=\"elementor-heading-title elementor-size-default\">Consid\u00e9r\u00e9e comme l\u2019une des plus belles plages de M\u00e9diterran\u00e9e, elle s\u00e9duit par son caract\u00e8re sauvage, ses dimensions spectaculaires et la puret\u00e9 de ses paysages.<\/p>\t\t\t\t<\/div>\n\t\t\t\t<div class=\"elementor-element elementor-element-c1de36e elementor-widget__width-inherit elementor-widget-mobile__width-inherit elementor-widget elementor-widget-heading\" data-id=\"c1de36e\" data-element_type=\"widget\" data-widget_type=\"heading.default\">\n\t\t\t\t\t<p class=\"elementor-heading-title elementor-size-default\">Ici, le sable dor\u00e9 s\u2019\u00e9tire \u00e0 perte de vue, bord\u00e9 par une mer aux nuances incroyables de bleu et de turquoise, parmi les plus limpides de l\u2019\u00eele. Contrairement aux plages plus urbanis\u00e9es, Falasarna a su pr\u00e9server une atmosph\u00e8re naturelle et authentique, o\u00f9 l\u2019espace et le calme dominent, m\u00eame en pleine saison estivale.<\/p>\t\t\t\t<\/div>\n\t\t\t\t<\/div>\n\t\t<div class=\"elementor-element elementor-element-d0870f6 e-con-full e-flex e-con e-child\" data-id=\"d0870f6\" data-element_type=\"container\" data-settings=\"{&quot;background_background&quot;:&quot;classic&quot;}\">\n\t\t\t\t<\/div>\n\t\t\t\t\t<\/div>\n\t\t\t\t<\/div>\n\t\t<div class=\"elementor-element elementor-element-bd9cdd2 e-con-full e-flex e-con e-child\" data-id=\"bd9cdd2\" data-element_type=\"container\">\n\t\t\t\t<div class=\"elementor-element elementor-element-413d3f1 elementor-widget__width-inherit elementor-widget-mobile__width-inherit elementor-widget elementor-widget-heading\" data-id=\"413d3f1\" data-element_type=\"widget\" data-widget_type=\"heading.default\">\n\t\t\t\t\t<p class=\"elementor-heading-title elementor-size-default\">Expos\u00e9e \u00e0 l\u2019ouest, la plage offre l\u2019un des plus beaux couchers de soleil de toute la M\u00e9diterran\u00e9e. Chaque soir, le ciel s\u2019embrase de teintes orang\u00e9es et pourpres, se refl\u00e9tant sur la mer dans un spectacle inoubliable, souvent cit\u00e9 comme l\u2019un des plus magiques de Gr\u00e8ce.<\/p>\t\t\t\t<\/div>\n\t\t\t\t<div class=\"elementor-element elementor-element-5dfccf2 elementor-widget__width-inherit elementor-widget-mobile__width-inherit elementor-widget elementor-widget-heading\" data-id=\"5dfccf2\" data-element_type=\"widget\" data-widget_type=\"heading.default\">\n\t\t\t\t\t<p class=\"elementor-heading-title elementor-size-default\">Falasarna est aussi un lieu charg\u00e9 d\u2019histoire : \u00e0 proximit\u00e9 imm\u00e9diate se trouvent les vestiges de l\u2019ancienne cit\u00e9 antique du m\u00eame nom, rappelant que ce d\u00e9cor paradisiaque fut autrefois un port strat\u00e9gique de la Cr\u00e8te antique.<\/p>\t\t\t\t<\/div>\n\t\t\t\t<div class=\"elementor-element elementor-element-e95b651 elementor-widget__width-inherit elementor-widget-mobile__width-inherit elementor-widget elementor-widget-heading\" data-id=\"e95b651\" data-element_type=\"widget\" data-widget_type=\"heading.default\">\n\t\t\t\t\t<p class=\"elementor-heading-title elementor-size-default\">Id\u00e9ale pour les familles comme pour les amateurs de grands espaces, Falasarna combine accessibilit\u00e9, beaut\u00e9 brute et s\u00e9r\u00e9nit\u00e9. Entre baignades dans des eaux cristallines, balades sur une plage infinie et couchers de soleil l\u00e9gendaires, elle incarne \u00e0 merveille l\u2019essence m\u00eame de la M\u00e9diterran\u00e9e : sauvage, lumineuse et profond\u00e9ment envo\u00fbtante.<\/p>\t\t\t\t<\/div>\n\t\t\t\t<\/div>\n\t\t<div class=\"elementor-element elementor-element-b8610c0 e-flex e-con-boxed e-con e-child\" data-id=\"b8610c0\" data-element_type=\"container\" data-settings=\"{&quot;background_background&quot;:&quot;classic&quot;}\">\n\t\t\t\t\t<div class=\"e-con-inner\">\n\t\t<div class=\"elementor-element elementor-element-3435411 e-grid e-con-full e-con e-child\" data-id=\"3435411\" data-element_type=\"container\">\n\t\t\t\t<div class=\"elementor-element elementor-element-816e06a elementor-cta--valign-middle elementor-cta--layout-image-left elementor-cta--mobile-layout-image-above elementor-cta--skin-classic elementor-animated-content elementor-bg-transform elementor-bg-transform-zoom-in elementor-widget elementor-widget-wprentals-call-to-action\" data-id=\"816e06a\" data-element_type=\"widget\" data-widget_type=\"wprentals-call-to-action.default\">\n\t\t\t\t<div class=\"elementor-widget-container\">\n\t\t\t\t\t\t\t<div class=\"elementor-cta\">\n\t\t\t\t\t<div class=\"elementor-cta__bg-wrapper\">\n\t\t\t\t<div class=\"elementor-cta__bg elementor-bg\" style=\"background-image: url(https:\/\/villasmelissa.com\/wp-content\/uploads\/2026\/02\/birdaway.jpg);\" role=\"img\" aria-label=\"birdaway\"><\/div>\n\t\t\t\t<div class=\"elementor-cta__bg-overlay\"><\/div>\n\t\t\t<\/div>\n\t\t\t\t\t\t\t<div class=\"elementor-cta__content\">\n\t\t\t\t\t\t\t\t\t<div class=\"elementor-content-item elementor-cta__content-item elementor-icon-wrapper elementor-cta__icon elementor-view-stacked elementor-shape-circle\">\n\t\t\t\t\t\t<div class=\"elementor-icon\">\n\t\t\t\t\t\t\t<svg aria-hidden=\"true\" class=\"e-font-icon-svg e-fas-umbrella-beach\" viewBox=\"0 0 640 512\" xmlns=\"http:\/\/www.w3.org\/2000\/svg\"><path d=\"M115.38 136.9l102.11 37.18c35.19-81.54 86.21-144.29 139-173.7-95.88-4.89-188.78 36.96-248.53 111.8-6.69 8.4-2.66 21.05 7.42 24.72zm132.25 48.16l238.48 86.83c35.76-121.38 18.7-231.66-42.63-253.98-7.4-2.7-15.13-4-23.09-4-58.02.01-128.27 69.17-172.76 171.15zM521.48 60.5c6.22 16.3 10.83 34.6 13.2 55.19 5.74 49.89-1.42 108.23-18.95 166.98l102.62 37.36c10.09 3.67 21.31-3.43 21.57-14.17 2.32-95.69-41.91-187.44-118.44-245.36zM560 447.98H321.06L386 269.5l-60.14-21.9-72.9 200.37H16c-8.84 0-16 7.16-16 16.01v32.01C0 504.83 7.16 512 16 512h544c8.84 0 16-7.17 16-16.01v-32.01c0-8.84-7.16-16-16-16z\"><\/path><\/svg>\t\t\t\t\t\t<\/div>\n\t\t\t\t\t<\/div>\n\t\t\t\t\n\t\t\t\t\t\t\t\t\t<h5 class=\"elementor-cta__title elementor-cta__content-item elementor-content-item\">\n\t\t\t\t\t\tBird Away Beach Bar Restaurant\t\t\t\t\t<\/h5>\n\t\t\t\t\n\t\t\t\t\t\t\t\t\t<div class=\"elementor-cta__description elementor-cta__content-item elementor-content-item\">\n\t\t\t\t\t\tUn bar-restaurant de plage convivial, id\u00e9al pour savourer des plats et boissons d\u00e9licieux en bord de mer avec une ambiance d\u00e9tendue et un service sympa.\nTest\u00e9 et valid\u00e9!\t\t\t\t\t<\/div>\n\t\t\t\t\n\t\t\t\t\t\t\t\t\t<div class=\"elementor-cta__button-wrapper elementor-cta__content-item elementor-content-item \">\n\t\t\t\t\t<a class=\"elementor-cta__button elementor-button elementor-size-\" href=\"https:\/\/www.facebook.com\/birdawayfalassarna\" target=\"_blank\">\n\t\t\t\t\t\tEn savoir plus\t\t\t\t\t<\/a>\n\t\t\t\t\t<\/div>\n\t\t\t\t\t\t\t<\/div>\n\t\t\t\t\t\t\t<div class=\"elementor-ribbon\">\n\t\t\t\t<div class=\"elementor-ribbon-inner\">Test\u00e9<\/div>\n\t\t\t<\/div>\n\t\t\t\t<\/div>\n\t\t\t\t\t\t<\/div>\n\t\t\t\t<\/div>\n\t\t\t\t<div class=\"elementor-element elementor-element-bea8669 elementor-cta--valign-middle elementor-cta--layout-image-left elementor-cta--mobile-layout-image-above elementor-cta--skin-classic elementor-animated-content elementor-bg-transform elementor-bg-transform-zoom-in elementor-widget elementor-widget-wprentals-call-to-action\" data-id=\"bea8669\" data-element_type=\"widget\" data-widget_type=\"wprentals-call-to-action.default\">\n\t\t\t\t<div class=\"elementor-widget-container\">\n\t\t\t\t\t\t\t<div class=\"elementor-cta\">\n\t\t\t\t\t<div class=\"elementor-cta__bg-wrapper\">\n\t\t\t\t<div class=\"elementor-cta__bg elementor-bg\" style=\"background-image: url(https:\/\/villasmelissa.com\/wp-content\/uploads\/2026\/02\/orange_blue.jpg);\" role=\"img\" aria-label=\"orange_blue\"><\/div>\n\t\t\t\t<div class=\"elementor-cta__bg-overlay\"><\/div>\n\t\t\t<\/div>\n\t\t\t\t\t\t\t<div class=\"elementor-cta__content\">\n\t\t\t\t\t\t\t\t\t<div class=\"elementor-content-item elementor-cta__content-item elementor-icon-wrapper elementor-cta__icon elementor-view-stacked elementor-shape-circle\">\n\t\t\t\t\t\t<div class=\"elementor-icon\">\n\t\t\t\t\t\t\t<svg aria-hidden=\"true\" class=\"e-font-icon-svg e-fas-glass-martini-alt\" viewBox=\"0 0 512 512\" xmlns=\"http:\/\/www.w3.org\/2000\/svg\"><path d=\"M502.05 57.6C523.3 36.34 508.25 0 478.2 0H33.8C3.75 0-11.3 36.34 9.95 57.6L224 271.64V464h-56c-22.09 0-40 17.91-40 40 0 4.42 3.58 8 8 8h240c4.42 0 8-3.58 8-8 0-22.09-17.91-40-40-40h-56V271.64L502.05 57.6zM443.77 48l-48 48H116.24l-48-48h375.53z\"><\/path><\/svg>\t\t\t\t\t\t<\/div>\n\t\t\t\t\t<\/div>\n\t\t\t\t\n\t\t\t\t\t\t\t\t\t<h5 class=\"elementor-cta__title elementor-cta__content-item elementor-content-item\">\n\t\t\t\t\t\tOrange Blue\t\t\t\t\t<\/h5>\n\t\t\t\t\n\t\t\t\t\t\t\t\t\t<div class=\"elementor-cta__description elementor-cta__content-item elementor-content-item\">\n\t\t\t\t\t\tUn caf\u00e9-bar snack en bord de plage \u00e0 Falasarna offrant boissons, snacks et une ambiance d\u00e9contract\u00e9e avec vue sur la mer et de magnifiques couchers de soleil. Test\u00e9 et valid\u00e9!\t\t\t\t\t<\/div>\n\t\t\t\t\n\t\t\t\t\t\t\t\t\t<div class=\"elementor-cta__button-wrapper elementor-cta__content-item elementor-content-item \">\n\t\t\t\t\t<a class=\"elementor-cta__button elementor-button elementor-size-\" href=\"https:\/\/www.facebook.com\/orangebluebar\" target=\"_blank\">\n\t\t\t\t\t\tEn savoir plus\t\t\t\t\t<\/a>\n\t\t\t\t\t<\/div>\n\t\t\t\t\t\t\t<\/div>\n\t\t\t\t\t\t\t<div class=\"elementor-ribbon\">\n\t\t\t\t<div class=\"elementor-ribbon-inner\">Test\u00e9<\/div>\n\t\t\t<\/div>\n\t\t\t\t<\/div>\n\t\t\t\t\t\t<\/div>\n\t\t\t\t<\/div>\n\t\t\t\t<\/div>\n\t\t<div class=\"elementor-element elementor-element-68486e6 e-grid e-con-full e-con e-child\" data-id=\"68486e6\" data-element_type=\"container\">\n\t\t\t\t<div class=\"elementor-element elementor-element-98b66d1 elementor-cta--valign-middle elementor-cta--layout-image-right elementor-cta--mobile-layout-image-above elementor-cta--skin-classic elementor-animated-content elementor-bg-transform elementor-bg-transform-zoom-in elementor-widget elementor-widget-wprentals-call-to-action\" data-id=\"98b66d1\" data-element_type=\"widget\" data-widget_type=\"wprentals-call-to-action.default\">\n\t\t\t\t<div class=\"elementor-widget-container\">\n\t\t\t\t\t\t\t<div class=\"elementor-cta\">\n\t\t\t\t\t<div class=\"elementor-cta__bg-wrapper\">\n\t\t\t\t<div class=\"elementor-cta__bg elementor-bg\" style=\"background-image: url(https:\/\/villasmelissa.com\/wp-content\/uploads\/2026\/02\/Macaya-1.png);\" role=\"img\" aria-label=\"Macaya\"><\/div>\n\t\t\t\t<div class=\"elementor-cta__bg-overlay\"><\/div>\n\t\t\t<\/div>\n\t\t\t\t\t\t\t<div class=\"elementor-cta__content\">\n\t\t\t\t\t\t\t\t\t<div class=\"elementor-content-item elementor-cta__content-item elementor-icon-wrapper elementor-cta__icon elementor-view-stacked elementor-shape-circle\">\n\t\t\t\t\t\t<div class=\"elementor-icon\">\n\t\t\t\t\t\t\t<svg aria-hidden=\"true\" class=\"e-font-icon-svg e-fas-umbrella-beach\" viewBox=\"0 0 640 512\" xmlns=\"http:\/\/www.w3.org\/2000\/svg\"><path d=\"M115.38 136.9l102.11 37.18c35.19-81.54 86.21-144.29 139-173.7-95.88-4.89-188.78 36.96-248.53 111.8-6.69 8.4-2.66 21.05 7.42 24.72zm132.25 48.16l238.48 86.83c35.76-121.38 18.7-231.66-42.63-253.98-7.4-2.7-15.13-4-23.09-4-58.02.01-128.27 69.17-172.76 171.15zM521.48 60.5c6.22 16.3 10.83 34.6 13.2 55.19 5.74 49.89-1.42 108.23-18.95 166.98l102.62 37.36c10.09 3.67 21.31-3.43 21.57-14.17 2.32-95.69-41.91-187.44-118.44-245.36zM560 447.98H321.06L386 269.5l-60.14-21.9-72.9 200.37H16c-8.84 0-16 7.16-16 16.01v32.01C0 504.83 7.16 512 16 512h544c8.84 0 16-7.17 16-16.01v-32.01c0-8.84-7.16-16-16-16z\"><\/path><\/svg>\t\t\t\t\t\t<\/div>\n\t\t\t\t\t<\/div>\n\t\t\t\t\n\t\t\t\t\t\t\t\t\t<h5 class=\"elementor-cta__title elementor-cta__content-item elementor-content-item\">\n\t\t\t\t\t\tMacaya Beach House Restaurant & Pool Bar\t\t\t\t\t<\/h5>\n\t\t\t\t\n\t\t\t\t\t\t\t\t\t<div class=\"elementor-cta__description elementor-cta__content-item elementor-content-item\">\n\t\t\t\t\t\tUn bar-restaurant de plage chic avec cuisine m\u00e9diterran\u00e9enne cr\u00e9ative, piscine et vue mer pour profiter d\u2019un dej ou cocktail sur le sable. Un peu bling-bling!\t\t\t\t\t<\/div>\n\t\t\t\t\n\t\t\t\t\t\t\t\t\t<div class=\"elementor-cta__button-wrapper elementor-cta__content-item elementor-content-item \">\n\t\t\t\t\t<a class=\"elementor-cta__button elementor-button elementor-size-\" href=\"https:\/\/macaya.gr\">\n\t\t\t\t\t\tEn savoir plus\t\t\t\t\t<\/a>\n\t\t\t\t\t<\/div>\n\t\t\t\t\t\t\t<\/div>\n\t\t\t\t\t\t<\/div>\n\t\t\t\t\t\t<\/div>\n\t\t\t\t<\/div>\n\t\t\t\t<div class=\"elementor-element elementor-element-e65181e elementor-cta--valign-middle elementor-cta--layout-image-right elementor-cta--mobile-layout-image-above elementor-cta--skin-classic elementor-animated-content elementor-bg-transform elementor-bg-transform-zoom-in elementor-widget elementor-widget-wprentals-call-to-action\" data-id=\"e65181e\" data-element_type=\"widget\" data-widget_type=\"wprentals-call-to-action.default\">\n\t\t\t\t<div class=\"elementor-widget-container\">\n\t\t\t\t\t\t\t<div class=\"elementor-cta\">\n\t\t\t\t\t<div class=\"elementor-cta__bg-wrapper\">\n\t\t\t\t<div class=\"elementor-cta__bg elementor-bg\" style=\"background-image: url(https:\/\/villasmelissa.com\/wp-content\/uploads\/2026\/02\/iStock-1220818071.jpg);\" role=\"img\" aria-label=\"Aerial shot of beautiful turquoise beach Falasarna (Falassarna) in Crete, Greece. View of famous paradise sandy deep turquoise beach of Falasarna (Falassarna) in North West, Crete island, Greece.\"><\/div>\n\t\t\t\t<div class=\"elementor-cta__bg-overlay\"><\/div>\n\t\t\t<\/div>\n\t\t\t\t\t\t\t<div class=\"elementor-cta__content\">\n\t\t\t\t\t\t\t\t\t<div class=\"elementor-content-item elementor-cta__content-item elementor-icon-wrapper elementor-cta__icon elementor-view-stacked elementor-shape-circle\">\n\t\t\t\t\t\t<div class=\"elementor-icon\">\n\t\t\t\t\t\t\t<svg aria-hidden=\"true\" class=\"e-font-icon-svg e-fas-umbrella-beach\" viewBox=\"0 0 640 512\" xmlns=\"http:\/\/www.w3.org\/2000\/svg\"><path d=\"M115.38 136.9l102.11 37.18c35.19-81.54 86.21-144.29 139-173.7-95.88-4.89-188.78 36.96-248.53 111.8-6.69 8.4-2.66 21.05 7.42 24.72zm132.25 48.16l238.48 86.83c35.76-121.38 18.7-231.66-42.63-253.98-7.4-2.7-15.13-4-23.09-4-58.02.01-128.27 69.17-172.76 171.15zM521.48 60.5c6.22 16.3 10.83 34.6 13.2 55.19 5.74 49.89-1.42 108.23-18.95 166.98l102.62 37.36c10.09 3.67 21.31-3.43 21.57-14.17 2.32-95.69-41.91-187.44-118.44-245.36zM560 447.98H321.06L386 269.5l-60.14-21.9-72.9 200.37H16c-8.84 0-16 7.16-16 16.01v32.01C0 504.83 7.16 512 16 512h544c8.84 0 16-7.17 16-16.01v-32.01c0-8.84-7.16-16-16-16z\"><\/path><\/svg>\t\t\t\t\t\t<\/div>\n\t\t\t\t\t<\/div>\n\t\t\t\t\n\t\t\t\t\t\t\t\t\t<h5 class=\"elementor-cta__title elementor-cta__content-item elementor-content-item\">\n\t\t\t\t\t\tPlaya Paraiso\t\t\t\t\t<\/h5>\n\t\t\t\t\n\t\t\t\t\t\t\t\t\t<div class=\"elementor-cta__description elementor-cta__content-item elementor-content-item\">\n\t\t\t\t\t\tUn bar-restaurant en bord de plage offrant cuisine grecque et europ\u00e9enne, boissons t cocktails \u00e0 d\u00e9guster sur la plage. R\u00e9servation possible en ligne du restaurant et des  transats sur la plage.\t\t\t\t\t<\/div>\n\t\t\t\t\n\t\t\t\t\t\t\t\t\t<div class=\"elementor-cta__button-wrapper elementor-cta__content-item elementor-content-item \">\n\t\t\t\t\t<a class=\"elementor-cta__button elementor-button elementor-size-\" href=\"https:\/\/playaparaisofalassarna.gr\">\n\t\t\t\t\t\tEn savoir plus\t\t\t\t\t<\/a>\n\t\t\t\t\t<\/div>\n\t\t\t\t\t\t\t<\/div>\n\t\t\t\t\t\t\t<div class=\"elementor-ribbon\">\n\t\t\t\t<div class=\"elementor-ribbon-inner\">Test\u00e9<\/div>\n\t\t\t<\/div>\n\t\t\t\t<\/div>\n\t\t\t\t\t\t<\/div>\n\t\t\t\t<\/div>\n\t\t\t\t<\/div>\n\t\t\t\t\t<\/div>\n\t\t\t\t<\/div>\n\t\t<div class=\"elementor-element elementor-element-6441687 e-con-full e-flex e-con e-child\" data-id=\"6441687\" data-element_type=\"container\">\n\t\t\t\t<\/div>\n\t\t\t\t<\/div>\n\t\t\t\t<\/div>\n\t\t","protected":false},"excerpt":{"rendered":"<p>Bienvenue \u00e0 Falasarna Situ\u00e9e \u00e0 l\u2019extr\u00eame ouest de la Cr\u00e8te, Falasarna est bien plus qu\u2019une plage : c\u2019est une exp\u00e9rience \u00e0 part enti\u00e8re. Consid\u00e9r\u00e9e comme l\u2019une des plus belles plages de M\u00e9diterran\u00e9e, elle s\u00e9duit par son caract\u00e8re sauvage, ses dimensions spectaculaires et la puret\u00e9 de ses paysages. Ici, le sable dor\u00e9 s\u2019\u00e9tire \u00e0 perte de &#8230;<\/p>\n","protected":false},"author":1,"featured_media":0,"parent":0,"menu_order":0,"comment_status":"closed","ping_status":"closed","template":"","meta":{"inline_featured_image":false,"footnotes":""},"class_list":["post-42574","page","type-page","status-publish","hentry"],"_links":{"self":[{"href":"https:\/\/villasmelissa.com\/index.php\/wp-json\/wp\/v2\/pages\/42574","targetHints":{"allow":["GET"]}}],"collection":[{"href":"https:\/\/villasmelissa.com\/index.php\/wp-json\/wp\/v2\/pages"}],"about":[{"href":"https:\/\/villasmelissa.com\/index.php\/wp-json\/wp\/v2\/types\/page"}],"author":[{"embeddable":true,"href":"https:\/\/villasmelissa.com\/index.php\/wp-json\/wp\/v2\/users\/1"}],"replies":[{"embeddable":true,"href":"https:\/\/villasmelissa.com\/index.php\/wp-json\/wp\/v2\/comments?post=42574"}],"version-history":[{"count":17,"href":"https:\/\/villasmelissa.com\/index.php\/wp-json\/wp\/v2\/pages\/42574\/revisions"}],"predecessor-version":[{"id":42847,"href":"https:\/\/villasmelissa.com\/index.php\/wp-json\/wp\/v2\/pages\/42574\/revisions\/42847"}],"wp:attachment":[{"href":"https:\/\/villasmelissa.com\/index.php\/wp-json\/wp\/v2\/media?parent=42574"}],"curies":[{"name":"wp","href":"https:\/\/api.w.org\/{rel}","templated":true}]}}