{"id":254,"date":"2015-04-21T13:28:29","date_gmt":"2015-04-21T13:28:29","guid":{"rendered":"http:\/\/demo1.wprentals.org\/?page_id=254"},"modified":"2026-02-12T23:09:39","modified_gmt":"2026-02-12T23:09:39","slug":"contact","status":"publish","type":"page","link":"https:\/\/villasmelissa.com\/index.php\/contact\/","title":{"rendered":"Contact"},"content":{"rendered":"\t\t<div data-elementor-type=\"wp-page\" data-elementor-id=\"254\" class=\"elementor elementor-254\">\n\t\t\t\t<div class=\"elementor-element elementor-element-b52b983 e-flex e-con-boxed e-con e-parent\" data-id=\"b52b983\" data-element_type=\"container\" data-settings=\"{&quot;background_background&quot;:&quot;classic&quot;}\">\n\t\t\t\t\t<div class=\"e-con-inner\">\n\t\t<div class=\"elementor-element elementor-element-6a327d9 e-con-full e-flex e-con e-child\" data-id=\"6a327d9\" data-element_type=\"container\" data-settings=\"{&quot;background_background&quot;:&quot;classic&quot;}\">\n\t\t\t\t<div class=\"elementor-element elementor-element-0df84fa elementor-widget__width-inherit elementor-widget-mobile__width-inherit elementor-widget elementor-widget-heading\" data-id=\"0df84fa\" data-element_type=\"widget\" data-widget_type=\"heading.default\">\n\t\t\t\t\t<h2 class=\"elementor-heading-title elementor-size-default\">Contactez nous<\/h2>\t\t\t\t<\/div>\n\t\t\t\t<\/div>\n\t\t\t\t\t<\/div>\n\t\t\t\t<\/div>\n\t\t<div class=\"elementor-element elementor-element-6f411b4e e-flex e-con-boxed e-con e-parent\" data-id=\"6f411b4e\" data-element_type=\"container\" data-settings=\"{&quot;background_background&quot;:&quot;classic&quot;}\">\n\t\t\t\t\t<div class=\"e-con-inner\">\n\t\t<div class=\"elementor-element elementor-element-160e64ea e-con-full e-flex e-con e-child\" data-id=\"160e64ea\" data-element_type=\"container\" data-settings=\"{&quot;background_background&quot;:&quot;classic&quot;}\">\n\t\t<div class=\"elementor-element elementor-element-3249109e e-con-full e-flex e-con e-child\" data-id=\"3249109e\" data-element_type=\"container\">\n\t\t\t\t<div class=\"elementor-element elementor-element-6e70928e elementor-widget__width-inherit elementor-widget-mobile__width-inherit elementor-widget elementor-widget-heading\" data-id=\"6e70928e\" data-element_type=\"widget\" data-widget_type=\"heading.default\">\n\t\t\t\t\t<h2 class=\"elementor-heading-title elementor-size-default\">NOTRE CONCIERGERIE ZESTY<\/h2>\t\t\t\t<\/div>\n\t\t\t\t<div class=\"elementor-element elementor-element-436b03cc elementor-widget elementor-widget-heading\" data-id=\"436b03cc\" data-element_type=\"widget\" data-widget_type=\"heading.default\">\n\t\t\t\t\t<p class=\"elementor-heading-title elementor-size-default\">Implant\u00e9e sur l\u2019\u00eele, avec des \u00e9quipes \u00e0 Kissamis et Chania, Zesty s\u2019occupe de tout avec professionnalisme pour que votre s\u00e9jour soit m\u00e9morable et sans couture! \n<br>\nQu\u2019il s\u2019agisse de recommandations personnalis\u00e9es, d\u2019organiser un transfert, de r\u00e9pondre \u00e0 une demande sp\u00e9ciale ou de vous aider \u00e0 d\u00e9couvrir les tr\u00e9sors de la r\u00e9gion, Zesty est l\u00e0 pour rendre votre exp\u00e9rience aux Villas Melissa aussi fluide que m\u00e9morable. Leur connaissance du terrain, leur disponibilit\u00e9 et leur sens du service font de chaque s\u00e9jour une v\u00e9ritable parenth\u00e8se de d\u00e9tente.<\/p>\t\t\t\t<\/div>\n\t\t<div class=\"elementor-element elementor-element-127685b0 e-con-full e-flex e-con e-child\" data-id=\"127685b0\" data-element_type=\"container\">\n\t\t<div class=\"elementor-element elementor-element-5d5667e4 e-con-full e-flex e-con e-child\" data-id=\"5d5667e4\" data-element_type=\"container\">\n\t\t\t\t<div class=\"elementor-element elementor-element-574811bd elementor-widget__width-inherit elementor-widget-mobile__width-inherit elementor-widget elementor-widget-heading\" data-id=\"574811bd\" data-element_type=\"widget\" data-widget_type=\"heading.default\">\n\t\t\t\t\t<p class=\"elementor-heading-title elementor-size-default\">Contact Zesty<\/p>\t\t\t\t<\/div>\n\t\t\t\t<div class=\"elementor-element elementor-element-4f11371 elementor-widget elementor-widget-heading\" data-id=\"4f11371\" data-element_type=\"widget\" data-widget_type=\"heading.default\">\n\t\t\t\t\t<p class=\"elementor-heading-title elementor-size-default\">Lydia: +30 694 055 9489 <br>\ninfo@zesty.gr\n<\/p>\t\t\t\t<\/div>\n\t\t\t\t<div class=\"elementor-element elementor-element-54df1ee9 elementor-widget elementor-widget-heading\" data-id=\"54df1ee9\" data-element_type=\"widget\" data-widget_type=\"heading.default\">\n\t\t\t\t\t<p class=\"elementor-heading-title elementor-size-default\"><a href=\"https:\/\/maps.app.goo.gl\/DYNx5wzqiY3vmrxFA\" target=\"_blank\">7 Froudaki Str.,<br>\nKissamos 73400<br>\nSituer Zesty Kissamos<\/a><\/p>\t\t\t\t<\/div>\n\t\t\t\t<div class=\"elementor-element elementor-element-0c05412 elementor-widget elementor-widget-heading\" data-id=\"0c05412\" data-element_type=\"widget\" data-widget_type=\"heading.default\">\n\t\t\t\t\t<p class=\"elementor-heading-title elementor-size-default\"><a href=\"https:\/\/maps.app.goo.gl\/aingsG2M5V7bR6877\" target=\"_blank\">53 Anapauseos Str., <br>\nChania 73100<br>\nSituer Zesty Chania<\/a><\/p>\t\t\t\t<\/div>\n\t\t\t\t<\/div>\n\t\t<div class=\"elementor-element elementor-element-3ec3150d e-con-full e-flex e-con e-child\" data-id=\"3ec3150d\" data-element_type=\"container\">\n\t\t\t\t<\/div>\n\t\t\t\t<\/div>\n\t\t\t\t<\/div>\n\t\t<div class=\"elementor-element elementor-element-62f99eca e-con-full e-flex e-con e-child\" data-id=\"62f99eca\" data-element_type=\"container\">\n\t\t\t\t<div class=\"elementor-element elementor-element-953f153 elementor-widget__width-inherit elementor-widget-mobile__width-inherit elementor-widget elementor-widget-heading\" data-id=\"953f153\" data-element_type=\"widget\" data-widget_type=\"heading.default\">\n\t\t\t\t\t<h2 class=\"elementor-heading-title elementor-size-default\">Ecrivez-nous<\/h2>\t\t\t\t<\/div>\n\t\t\t\t<div class=\"elementor-element elementor-element-4a934b9a elementor-button-align-stretch elementor-widget elementor-widget-WpRentals_Contact_Form_Builder\" data-id=\"4a934b9a\" data-element_type=\"widget\" data-widget_type=\"WpRentals_Contact_Form_Builder.default\">\n\t\t\t\t<div class=\"elementor-widget-container\">\n\t\t\t\t\t\n\n\n\n\n\t\t\t<form class=\"elementor-form wprentals_elementor_form\"  id=\"wprentals-elementor-form-4a934b9a\" method=\"post\" >\n            <div id=\"booking_form_request_mess_modal\"><\/div>\n\n            <input name=\"prop_id\" type=\"hidden\"  id=\"contact_form_elementor\" value=\"1\">\n            <input type=\"hidden\" name=\"contact_ajax_nonce\" id=\"agent_property_ajax_nonce\"  value=\"bcdfc4dfed\" \/>\n\n            <input type=\"hidden\" id=\"elementor_email_subject\" name=\"email_suject\" value=\"New email from Contact Page\" \/>\n            <div class=\"alert-message\" id=\"booking_form_request_mess_elementor\"><\/div>\n            \n\t\t\t\t\t\t<div class=\"elementor-form-fields-wrapper elementor-labels-above\">\n\t\t\t\t\t\t\t\t<div class=\"elementor-field-group elementor-column form-group elementor-field-group-name elementor-col-50\"><label for=\"form-field-name\" class=\"elementor-field-label elementor-screen-only\">Name<\/label><input type=\"text\" name=\"last_name\" id=\"rentals_contact_builder_last_name\" class=\"elementor-field form-control elementor-size-sm elementor-field-textual\" placeholder=\"Nom\"><\/div><div class=\"elementor-field-group elementor-column form-group elementor-field-group-a2bbcdb elementor-field-required elementor-col-50\"><label for=\"form-field-a2bbcdb\" class=\"elementor-field-label elementor-screen-only\">Country*<\/label><input type=\"text\" name=\"first_name\" id=\"rentals_contact_builder_first_name\" class=\"elementor-field form-control elementor-size-sm elementor-field-textual\" required=\"required\" placeholder=\"Pr\u00e9nom\"><\/div><div class=\"elementor-field-group elementor-column form-group elementor-field-group-f3d6a5a elementor-col-50\"><label for=\"form-field-f3d6a5a\" class=\"elementor-field-label elementor-screen-only\">Mobile Number<\/label><input type=\"text\" name=\"mobile\" id=\"rentals_contact_builder_mobile\" class=\"elementor-field form-control elementor-size-sm elementor-field-textual\" placeholder=\"N\u00a8de portable\"><\/div><div class=\"elementor-field-group elementor-column form-group elementor-field-group-email elementor-field-required elementor-col-50\"><label for=\"form-field-email\" class=\"elementor-field-label elementor-screen-only\">Email*<\/label><input type=\"email\" name=\"email\" id=\"rentals_contact_builder_email\" class=\"elementor-field form-control elementor-size-sm elementor-field-textual\" required=\"required\" placeholder=\"Email\"><\/div><div class=\"elementor-field-group elementor-column form-group elementor-field-group-message elementor-col-100\"><label for=\"form-field-message\" class=\"elementor-field-label elementor-screen-only\">Message<\/label><textarea class=\"form-control elementor-field-textual elementor-field elementor-size-sm\" name=\"message\" id=\"form-field-message\" rows=\"4\" placeholder=\"Message\"><\/textarea><\/div>\n\t\t\t\t\t\t\t\t<div class=\"elementor-field-group elementor-column elementor-field-type-submit elementor-col-100\">\n\t\t\t\t\t\t\t\t\t\t\t\t\t\t\t\t\t\t<button type=\"submit\" class=\"agent_submit_class_elementor wpresidence_button wprentals_button_elementor elementor-button elementor-size-md\">\n\t\t\t\t\t\t\t\t\t\t\t\t\t\t\t\t\t\t\t\t\t\t\t\tEnvoyer\t\t\t\t\t\t\t\t\t\t\t\t\t\t\t\t\t\t\t\t<\/button>\n\n\t\t\t\t\t\t\t\t<\/div>\n\t\t\t\t\t\t<\/div>\n\n\n\n\t\t\t\t<\/form>\n        <script>\n\n            jQuery(document).ready(function() {\n           \n                jQuery('input[name=\"booking_from_date\"]').each(function(){             \n                    var item_parent =   jQuery(this).parent().parent();\n                    var in_date     =   item_parent.find('input[name=\"booking_from_date\"]') .attr('id');\n                    var out_date    =   item_parent.find('input[name=\"booking_to_date\"]') .attr('id');\n \n                    wpestaste_check_in_out_enable_new(in_date, out_date);\n                    \n                });\n                wprentals_elementor_submit_form();\n            });\n        <\/script>\n\n\n\n    \t\t\t\t<\/div>\n\t\t\t\t<\/div>\n\t\t\t\t<\/div>\n\t\t\t\t<\/div>\n\t\t\t\t\t<\/div>\n\t\t\t\t<\/div>\n\t\t\t\t<\/div>\n\t\t","protected":false},"excerpt":{"rendered":"<p>Contactez nous NOTRE CONCIERGERIE ZESTY Implant\u00e9e sur l\u2019\u00eele, avec des \u00e9quipes \u00e0 Kissamis et Chania, Zesty s\u2019occupe de tout avec professionnalisme pour que votre s\u00e9jour soit m\u00e9morable et sans couture! Qu\u2019il s\u2019agisse de recommandations personnalis\u00e9es, d\u2019organiser un transfert, de r\u00e9pondre \u00e0 une demande sp\u00e9ciale ou de vous aider \u00e0 d\u00e9couvrir les tr\u00e9sors de la r\u00e9gion, &#8230;<\/p>\n","protected":false},"author":1,"featured_media":0,"parent":0,"menu_order":0,"comment_status":"open","ping_status":"open","template":"elementor_header_footer","meta":{"inline_featured_image":false,"footnotes":""},"class_list":["post-254","page","type-page","status-publish","hentry"],"_links":{"self":[{"href":"https:\/\/villasmelissa.com\/index.php\/wp-json\/wp\/v2\/pages\/254","targetHints":{"allow":["GET"]}}],"collection":[{"href":"https:\/\/villasmelissa.com\/index.php\/wp-json\/wp\/v2\/pages"}],"about":[{"href":"https:\/\/villasmelissa.com\/index.php\/wp-json\/wp\/v2\/types\/page"}],"author":[{"embeddable":true,"href":"https:\/\/villasmelissa.com\/index.php\/wp-json\/wp\/v2\/users\/1"}],"replies":[{"embeddable":true,"href":"https:\/\/villasmelissa.com\/index.php\/wp-json\/wp\/v2\/comments?post=254"}],"version-history":[{"count":3,"href":"https:\/\/villasmelissa.com\/index.php\/wp-json\/wp\/v2\/pages\/254\/revisions"}],"predecessor-version":[{"id":42828,"href":"https:\/\/villasmelissa.com\/index.php\/wp-json\/wp\/v2\/pages\/254\/revisions\/42828"}],"wp:attachment":[{"href":"https:\/\/villasmelissa.com\/index.php\/wp-json\/wp\/v2\/media?parent=254"}],"curies":[{"name":"wp","href":"https:\/\/api.w.org\/{rel}","templated":true}]}}